{"id":58,"date":"2015-03-24T19:29:11","date_gmt":"2015-03-24T18:29:11","guid":{"rendered":"http:\/\/airtaxi.brk02.com\/wpress\/?page_id=58"},"modified":"2025-12-15T08:04:02","modified_gmt":"2025-12-15T07:04:02","slug":"tandemflight","status":"publish","type":"page","link":"https:\/\/airtaxi-zermatt.ch\/?page_id=58","title":{"rendered":"Tandemfl\u00fcge"},"content":{"rendered":"<h1>Tandemfl\u00fcge rund um Zermatt<\/h1>\n<p>Paragliding Zermatt f\u00fchrt ganzj\u00e4hrig Doppelsitzerfl\u00fcge in der fantastischen Bergwelt rund um Zermatt durch.Bei\u00a0 verschiedenen Starpl\u00e4tzen ist bestimmt auch was f\u00fcr Sie dabei!Machen Sie ihren Zermattaufenthalt zu einem unvergesslichen Erlebnis mit einem Doppelsitzerflug mit einem unserer sehr erfahrenen Piloten.<\/p>\n<h4>Sebst H\u00f6henangst ist kein Hinderungsgrund.Diese\u00a0kann nur entstehen,wenn man Kontakt zum Boden hat!<\/h4>\n<h1 style=\"text-align: center;\">Fl\u00fcge imWinter<\/h1>\n<h2 style=\"text-align: center;\">Rothorn 3100m<\/h2>\n<h2 style=\"text-align: center;\">nach Zermatt, der Klassiker<\/h2>\n<p>&nbsp;<\/p>\n<h2 style=\"text-align: center;\">Rothorn nach Gr\u00fcnsee<\/h2>\n<h2 style=\"text-align: center;\">\u00a0 \u00a0 \u00a0 \u00a0zum Restaurant \u00a0\u00bb Ze Seewjinu \u00ab\u00a0<\/h2>\n<p>&nbsp;<\/p>\n<h2 style=\"text-align: center;\">Rothorn nach Findeln<\/h2>\n<h2 style=\"text-align: center;\">mit Landung\u00a0 \u00a0\u00bb Adlerhitta \u00a0\u00bb oder<\/h2>\n<h2 style=\"text-align: center;\">\u00a0\u00bb chez Vrony \u00ab\u00a0<\/h2>\n<p>&nbsp;<\/p>\n<h2 style=\"text-align: center;\">Schwarzsee nach Zermatt<\/h2>\n<h2 style=\"text-align: center;\">Combi Gourmet &amp; Eagle<\/h2>\n<h3>erst der Flug vom Rothorn nach Gr\u00fcnsee zur Mountain Lodge \u00a0\u00bb ze Seewjinu \u00a0\u00bb ( Kurt Lauber, Autor- Der W\u00e4chter vom Matterhorn ) dann vom Rothorn nach Zermatt.<\/h3>\n<h3 style=\"text-align: center;\">iclusive Videos &amp; Photos<\/h3>\n<h1 style=\"text-align: center;\">Fl\u00fcge im Sommer<\/h1>\n<h1 style=\"text-align: center;\">Eagle<\/h1>\n<h3 style=\"text-align: center;\">Gornergrat-Rotenboden<\/h3>\n<h3 style=\"text-align: center;\">Rothorn nach Zermatt<\/h3>\n<h1 style=\"text-align: center;\">Falcon<\/h1>\n<h3 style=\"text-align: center;\">Blauherd, Riffelberg oder Schwarzsee<\/h3>\n<h1 style=\"text-align: center;\">Condor<\/h1>\n<h3>Klein Matterhorn\u00a0 \u00a0 \u00a0Fr. 500.- incl. Photo &amp; Video<\/h3>\n<p>der gr\u00f6sste Tandemflug der Schweiz 2200m H\u00f6hendifferenz,10 Km Distanz !<\/p>\n<h1 style=\"text-align: center;\">Spezialfl\u00fcge<\/h1>\n<h2><\/h2>\n<h2 style=\"text-align: center;\">Vollmondfl\u00fcge vom Gornergrat\u00a0 \u00a0Fr. 400.-<\/h2>\n<h2 style=\"text-align: center;\">Rothorn\u00a0 \u00a0 \u00a0 \u00a0 \u00a0 \u00a0 \u00a0 \u00a0 \u00a0 \u00a0 \u00a0 \u00a0 \u00a0 \u00a0 \u00a0 \u00a0 \u00a0Fr. 550.-<\/h2>\n<h3>( inklusive Spezialfahrt aufs Rothorn und Nachtessen )<\/h3>\n<p>&nbsp;<\/p>\n<p><strong>Sommer<\/strong><\/p>\n<p><figure class=\"wp-block-embed wp-block-embed-youtube is-type-video is-provider-youtube epyt-figure\"><div class=\"wp-block-embed__wrapper\"><iframe loading=\"lazy\"  id=\"_ytid_87421\"  width=\"604\" height=\"340\"  data-origwidth=\"604\" data-origheight=\"340\" src=\"https:\/\/www.youtube.com\/embed\/_672vnH4oIs?enablejsapi=1&autoplay=0&cc_load_policy=0&cc_lang_pref=&iv_load_policy=1&loop=0&modestbranding=0&rel=1&fs=1&playsinline=0&autohide=2&theme=dark&color=red&controls=1&\" class=\"__youtube_prefs__  no-lazyload\" title=\"YouTube player\"  allow=\"fullscreen; accelerometer; autoplay; clipboard-write; encrypted-media; gyroscope; picture-in-picture\" allowfullscreen data-no-lazy=\"1\" data-skipgform_ajax_framebjll=\"\"><\/iframe><\/div><\/figure><\/p>\n<p><strong>Winter<\/strong><\/p>\n<p><figure class=\"wp-block-embed wp-block-embed-youtube is-type-video is-provider-youtube epyt-figure\"><div class=\"wp-block-embed__wrapper\"><iframe loading=\"lazy\"  id=\"_ytid_90566\"  width=\"604\" height=\"340\"  data-origwidth=\"604\" data-origheight=\"340\" src=\"https:\/\/www.youtube.com\/embed\/4z_f9cvzxBo?enablejsapi=1&autoplay=0&cc_load_policy=0&cc_lang_pref=&iv_load_policy=1&loop=0&modestbranding=0&rel=1&fs=1&playsinline=0&autohide=2&theme=dark&color=red&controls=1&\" class=\"__youtube_prefs__  no-lazyload\" title=\"YouTube player\"  allow=\"fullscreen; accelerometer; autoplay; clipboard-write; encrypted-media; gyroscope; picture-in-picture\" allowfullscreen data-no-lazy=\"1\" data-skipgform_ajax_framebjll=\"\"><\/iframe><\/div><\/figure><\/p>\n<div class=\"vspace\">\n<hr \/>\n<h6 style=\"text-align: center;\">\u00a0Office: +41 27\u00a0 967 67 44\u00a0 local : 027 967 67 44<br \/>\nBachstrasse 8 \u2013 Post Box: 463 \u2013 CH 3920 Zermatt<\/h6>\n<\/div>\n","protected":false},"excerpt":{"rendered":"<p>Tandemfl\u00fcge rund um Zermatt Paragliding Zermatt f\u00fchrt ganzj\u00e4hrig Doppelsitzerfl\u00fcge in der fantastischen Bergwelt rund um Zermatt durch.Bei\u00a0 verschiedenen Starpl\u00e4tzen ist bestimmt auch was f\u00fcr Sie dabei!Machen Sie ihren Zermattaufenthalt zu einem unvergesslichen Erlebnis mit einem Doppelsitzerflug mit einem unserer sehr erfahrenen Piloten. Sebst H\u00f6henangst ist kein Hinderungsgrund.Diese\u00a0kann nur entstehen,wenn man Kontakt zum Boden hat! Fl\u00fcge &hellip; <a href=\"https:\/\/airtaxi-zermatt.ch\/?page_id=58\" class=\"more-link\">Continuer la lecture de <span class=\"screen-reader-text\">Tandemfl\u00fcge<\/span> <span class=\"meta-nav\">&rarr;<\/span><\/a><\/p>\n","protected":false},"author":2,"featured_media":0,"parent":0,"menu_order":2,"comment_status":"closed","ping_status":"closed","template":"","meta":{"_acf_changed":false,"footnotes":""},"class_list":["post-58","page","type-page","status-publish","hentry"],"acf":[],"_links":{"self":[{"href":"https:\/\/airtaxi-zermatt.ch\/index.php?rest_route=\/wp\/v2\/pages\/58","targetHints":{"allow":["GET"]}}],"collection":[{"href":"https:\/\/airtaxi-zermatt.ch\/index.php?rest_route=\/wp\/v2\/pages"}],"about":[{"href":"https:\/\/airtaxi-zermatt.ch\/index.php?rest_route=\/wp\/v2\/types\/page"}],"author":[{"embeddable":true,"href":"https:\/\/airtaxi-zermatt.ch\/index.php?rest_route=\/wp\/v2\/users\/2"}],"replies":[{"embeddable":true,"href":"https:\/\/airtaxi-zermatt.ch\/index.php?rest_route=%2Fwp%2Fv2%2Fcomments&post=58"}],"version-history":[{"count":5,"href":"https:\/\/airtaxi-zermatt.ch\/index.php?rest_route=\/wp\/v2\/pages\/58\/revisions"}],"predecessor-version":[{"id":2547,"href":"https:\/\/airtaxi-zermatt.ch\/index.php?rest_route=\/wp\/v2\/pages\/58\/revisions\/2547"}],"wp:attachment":[{"href":"https:\/\/airtaxi-zermatt.ch\/index.php?rest_route=%2Fwp%2Fv2%2Fmedia&parent=58"}],"curies":[{"name":"wp","href":"https:\/\/api.w.org\/{rel}","templated":true}]}}