{"id":204,"date":"2015-03-25T16:44:44","date_gmt":"2015-03-25T15:44:44","guid":{"rendered":"http:\/\/airtaxi.brk02.com\/wpress\/?page_id=204"},"modified":"2023-03-09T11:07:18","modified_gmt":"2023-03-09T10:07:18","slug":"school-2","status":"publish","type":"page","link":"https:\/\/airtaxi-zermatt.ch\/?page_id=204","title":{"rendered":"Aus und Weiterbildung"},"content":{"rendered":"<p>Bei uns k\u00f6nnen Sie das Fliegen erlernen.<\/p>\n<p>Gleitschirmpilot,Miniwingpilot und auch\u00a0 Doppelsitzerpilot .<\/p>\n<p>lernen am Doppelsitzer<\/p>\n<p><figure class=\"wp-block-embed wp-block-embed-youtube is-type-video is-provider-youtube epyt-figure\"><div class=\"wp-block-embed__wrapper\"><iframe loading=\"lazy\"  id=\"_ytid_32217\"  width=\"604\" height=\"340\"  data-origwidth=\"604\" data-origheight=\"340\" src=\"https:\/\/www.youtube.com\/embed\/APypBrTtuLE?enablejsapi=1&autoplay=0&cc_load_policy=0&cc_lang_pref=&iv_load_policy=1&loop=0&modestbranding=0&rel=1&fs=1&playsinline=0&autohide=2&theme=dark&color=red&controls=1&\" class=\"__youtube_prefs__  no-lazyload\" title=\"YouTube player\"  allow=\"fullscreen; accelerometer; autoplay; clipboard-write; encrypted-media; gyroscope; picture-in-picture\" allowfullscreen data-no-lazy=\"1\" data-skipgform_ajax_framebjll=\"\"><\/iframe><\/div><\/figure><\/p>\n<p>Erst ist \u00dcbungshang angesagt,<\/p>\n<p><figure class=\"wp-block-embed wp-block-embed-youtube is-type-video is-provider-youtube epyt-figure\"><div class=\"wp-block-embed__wrapper\"><iframe loading=\"lazy\"  id=\"_ytid_84010\"  width=\"604\" height=\"340\"  data-origwidth=\"604\" data-origheight=\"340\" src=\"https:\/\/www.youtube.com\/embed\/UmSY6ljppMY?enablejsapi=1&autoplay=0&cc_load_policy=0&cc_lang_pref=&iv_load_policy=1&loop=0&modestbranding=0&rel=1&fs=1&playsinline=0&autohide=2&theme=dark&color=red&controls=1&\" class=\"__youtube_prefs__  no-lazyload\" title=\"YouTube player\"  allow=\"fullscreen; accelerometer; autoplay; clipboard-write; encrypted-media; gyroscope; picture-in-picture\" allowfullscreen data-no-lazy=\"1\" data-skipgform_ajax_framebjll=\"\"><\/iframe><\/div><\/figure><\/p>\n<p><figure class=\"wp-block-embed wp-block-embed-youtube is-type-video is-provider-youtube epyt-figure\"><div class=\"wp-block-embed__wrapper\"><iframe loading=\"lazy\"  id=\"_ytid_91024\"  width=\"604\" height=\"340\"  data-origwidth=\"604\" data-origheight=\"340\" src=\"https:\/\/www.youtube.com\/embed\/pswGBQ6WklI?enablejsapi=1&autoplay=0&cc_load_policy=0&cc_lang_pref=&iv_load_policy=1&loop=0&modestbranding=0&rel=1&fs=1&playsinline=0&autohide=2&theme=dark&color=red&controls=1&\" class=\"__youtube_prefs__  no-lazyload\" title=\"YouTube player\"  allow=\"fullscreen; accelerometer; autoplay; clipboard-write; encrypted-media; gyroscope; picture-in-picture\" allowfullscreen data-no-lazy=\"1\" data-skipgform_ajax_framebjll=\"\"><\/iframe><\/div><\/figure><\/p>\n<p><figure class=\"wp-block-embed wp-block-embed-youtube is-type-video is-provider-youtube epyt-figure\"><div class=\"wp-block-embed__wrapper\"><iframe loading=\"lazy\"  id=\"_ytid_42130\"  width=\"604\" height=\"340\"  data-origwidth=\"604\" data-origheight=\"340\" src=\"https:\/\/www.youtube.com\/embed\/_SEVGwyWFsA?enablejsapi=1&autoplay=0&cc_load_policy=0&cc_lang_pref=&iv_load_policy=1&loop=0&modestbranding=0&rel=1&fs=1&playsinline=0&autohide=2&theme=dark&color=red&controls=1&\" class=\"__youtube_prefs__  no-lazyload\" title=\"YouTube player\"  allow=\"fullscreen; accelerometer; autoplay; clipboard-write; encrypted-media; gyroscope; picture-in-picture\" allowfullscreen data-no-lazy=\"1\" data-skipgform_ajax_framebjll=\"\"><\/iframe><\/div><\/figure><\/p>\n<p>dann Insrtuktionsfl\u00fcge<\/p>\n<p><figure class=\"wp-block-embed wp-block-embed-youtube is-type-video is-provider-youtube epyt-figure\"><div class=\"wp-block-embed__wrapper\"><iframe loading=\"lazy\"  id=\"_ytid_30107\"  width=\"604\" height=\"340\"  data-origwidth=\"604\" data-origheight=\"340\" src=\"https:\/\/www.youtube.com\/embed\/hnWYPdYNNHc?enablejsapi=1&autoplay=0&cc_load_policy=0&cc_lang_pref=&iv_load_policy=1&loop=0&modestbranding=0&rel=1&fs=1&playsinline=0&autohide=2&theme=dark&color=red&controls=1&\" class=\"__youtube_prefs__  no-lazyload\" title=\"YouTube player\"  allow=\"fullscreen; accelerometer; autoplay; clipboard-write; encrypted-media; gyroscope; picture-in-picture\" allowfullscreen data-no-lazy=\"1\" data-skipgform_ajax_framebjll=\"\"><\/iframe><\/div><\/figure><\/p>\n<p>warum nicht auch mal am sch\u00f6nen Genfersee !<\/p>\n<p><figure class=\"wp-block-embed wp-block-embed-youtube is-type-video is-provider-youtube epyt-figure\"><div class=\"wp-block-embed__wrapper\"><iframe loading=\"lazy\"  id=\"_ytid_81793\"  width=\"604\" height=\"340\"  data-origwidth=\"604\" data-origheight=\"340\" src=\"https:\/\/www.youtube.com\/embed\/y07erXJDtPM?enablejsapi=1&autoplay=0&cc_load_policy=0&cc_lang_pref=&iv_load_policy=1&loop=0&modestbranding=0&rel=1&fs=1&playsinline=0&autohide=2&theme=dark&color=red&controls=1&\" class=\"__youtube_prefs__  no-lazyload\" title=\"YouTube player\"  allow=\"fullscreen; accelerometer; autoplay; clipboard-write; encrypted-media; gyroscope; picture-in-picture\" allowfullscreen data-no-lazy=\"1\" data-skipgform_ajax_framebjll=\"\"><\/iframe><\/div><\/figure><\/p>\n<p>oder in Vercorin<\/p>\n<p><figure class=\"wp-block-embed wp-block-embed-youtube is-type-video is-provider-youtube epyt-figure\"><div class=\"wp-block-embed__wrapper\"><iframe loading=\"lazy\"  id=\"_ytid_96442\"  width=\"604\" height=\"340\"  data-origwidth=\"604\" data-origheight=\"340\" src=\"https:\/\/www.youtube.com\/embed\/HULmJrTy13Y?enablejsapi=1&autoplay=0&cc_load_policy=0&cc_lang_pref=&iv_load_policy=1&loop=0&modestbranding=0&rel=1&fs=1&playsinline=0&autohide=2&theme=dark&color=red&controls=1&\" class=\"__youtube_prefs__  no-lazyload\" title=\"YouTube player\"  allow=\"fullscreen; accelerometer; autoplay; clipboard-write; encrypted-media; gyroscope; picture-in-picture\" allowfullscreen data-no-lazy=\"1\" data-skipgform_ajax_framebjll=\"\"><\/iframe><\/div><\/figure><\/p>\n<p>Vercorin ist gut geeignet f\u00fcr erste H\u00f6henfl\u00fcge<\/p>\n<p><figure class=\"wp-block-embed wp-block-embed-youtube is-type-video is-provider-youtube epyt-figure\"><div class=\"wp-block-embed__wrapper\"><iframe loading=\"lazy\"  id=\"_ytid_48005\"  width=\"604\" height=\"340\"  data-origwidth=\"604\" data-origheight=\"340\" src=\"https:\/\/www.youtube.com\/embed\/AlDi1CkMi7k?enablejsapi=1&autoplay=0&cc_load_policy=0&cc_lang_pref=&iv_load_policy=1&loop=0&modestbranding=0&rel=1&fs=1&playsinline=0&autohide=2&theme=dark&color=red&controls=1&\" class=\"__youtube_prefs__  no-lazyload\" title=\"YouTube player\"  allow=\"fullscreen; accelerometer; autoplay; clipboard-write; encrypted-media; gyroscope; picture-in-picture\" allowfullscreen data-no-lazy=\"1\" data-skipgform_ajax_framebjll=\"\"><\/iframe><\/div><\/figure><\/p>\n<p>oder Thermikweiterbildung am Doppelsitzer<\/p>\n<p><figure class=\"wp-block-embed wp-block-embed-youtube is-type-video is-provider-youtube epyt-figure\"><div class=\"wp-block-embed__wrapper\"><iframe loading=\"lazy\"  id=\"_ytid_62247\"  width=\"604\" height=\"340\"  data-origwidth=\"604\" data-origheight=\"340\" src=\"https:\/\/www.youtube.com\/embed\/Arjc_uMnfQo?enablejsapi=1&autoplay=0&cc_load_policy=0&cc_lang_pref=&iv_load_policy=1&loop=0&modestbranding=0&rel=1&fs=1&playsinline=0&autohide=2&theme=dark&color=red&controls=1&\" class=\"__youtube_prefs__  no-lazyload\" title=\"YouTube player\"  allow=\"fullscreen; accelerometer; autoplay; clipboard-write; encrypted-media; gyroscope; picture-in-picture\" allowfullscreen data-no-lazy=\"1\" data-skipgform_ajax_framebjll=\"\"><\/iframe><\/div><\/figure><\/p>\n<p>Landung beim Restaurant Adler-Hitta in Findeln<\/p>\n<p>( Ugi hat den Zaun inzwischen abgebaut)<\/p>\n<p><figure class=\"wp-block-embed wp-block-embed-youtube is-type-video is-provider-youtube epyt-figure\"><div class=\"wp-block-embed__wrapper\"><iframe loading=\"lazy\"  id=\"_ytid_26543\"  width=\"604\" height=\"340\"  data-origwidth=\"604\" data-origheight=\"340\" src=\"https:\/\/www.youtube.com\/embed\/tPfjpXKtDWM?enablejsapi=1&autoplay=0&cc_load_policy=0&cc_lang_pref=&iv_load_policy=1&loop=0&modestbranding=0&rel=1&fs=1&playsinline=0&autohide=2&theme=dark&color=red&controls=1&\" class=\"__youtube_prefs__  no-lazyload\" title=\"YouTube player\"  allow=\"fullscreen; accelerometer; autoplay; clipboard-write; encrypted-media; gyroscope; picture-in-picture\" allowfullscreen data-no-lazy=\"1\" data-skipgform_ajax_framebjll=\"\"><\/iframe><\/div><\/figure><\/p>\n<p>und f\u00fcr Fortgeschrittene<\/p>\n<p><figure class=\"wp-block-embed wp-block-embed-youtube is-type-video is-provider-youtube epyt-figure\"><div class=\"wp-block-embed__wrapper\"><iframe loading=\"lazy\"  id=\"_ytid_52353\"  width=\"604\" height=\"340\"  data-origwidth=\"604\" data-origheight=\"340\" src=\"https:\/\/www.youtube.com\/embed\/Uzbvq6gshzE?enablejsapi=1&autoplay=0&cc_load_policy=0&cc_lang_pref=&iv_load_policy=1&loop=0&modestbranding=0&rel=1&fs=1&playsinline=0&autohide=2&theme=dark&color=red&controls=1&\" class=\"__youtube_prefs__  no-lazyload\" title=\"YouTube player\"  allow=\"fullscreen; accelerometer; autoplay; clipboard-write; encrypted-media; gyroscope; picture-in-picture\" allowfullscreen data-no-lazy=\"1\" data-skipgform_ajax_framebjll=\"\"><\/iframe><\/div><\/figure><\/p>\n","protected":false},"excerpt":{"rendered":"<p>Bei uns k\u00f6nnen Sie das Fliegen erlernen. Gleitschirmpilot,Miniwingpilot und auch\u00a0 Doppelsitzerpilot . lernen am Doppelsitzer Erst ist \u00dcbungshang angesagt, dann Insrtuktionsfl\u00fcge warum nicht auch mal am sch\u00f6nen Genfersee ! oder in Vercorin Vercorin ist gut geeignet f\u00fcr erste H\u00f6henfl\u00fcge oder Thermikweiterbildung am Doppelsitzer Landung beim Restaurant Adler-Hitta in Findeln ( Ugi hat den Zaun inzwischen &hellip; <a href=\"https:\/\/airtaxi-zermatt.ch\/?page_id=204\" class=\"more-link\">Continuer la lecture de <span class=\"screen-reader-text\">Aus und Weiterbildung<\/span> <span class=\"meta-nav\">&rarr;<\/span><\/a><\/p>\n","protected":false},"author":2,"featured_media":0,"parent":0,"menu_order":4,"comment_status":"closed","ping_status":"closed","template":"","meta":{"_acf_changed":false,"footnotes":""},"class_list":["post-204","page","type-page","status-publish","hentry"],"acf":[],"_links":{"self":[{"href":"https:\/\/airtaxi-zermatt.ch\/index.php?rest_route=\/wp\/v2\/pages\/204","targetHints":{"allow":["GET"]}}],"collection":[{"href":"https:\/\/airtaxi-zermatt.ch\/index.php?rest_route=\/wp\/v2\/pages"}],"about":[{"href":"https:\/\/airtaxi-zermatt.ch\/index.php?rest_route=\/wp\/v2\/types\/page"}],"author":[{"embeddable":true,"href":"https:\/\/airtaxi-zermatt.ch\/index.php?rest_route=\/wp\/v2\/users\/2"}],"replies":[{"embeddable":true,"href":"https:\/\/airtaxi-zermatt.ch\/index.php?rest_route=%2Fwp%2Fv2%2Fcomments&post=204"}],"version-history":[{"count":0,"href":"https:\/\/airtaxi-zermatt.ch\/index.php?rest_route=\/wp\/v2\/pages\/204\/revisions"}],"wp:attachment":[{"href":"https:\/\/airtaxi-zermatt.ch\/index.php?rest_route=%2Fwp%2Fv2%2Fmedia&parent=204"}],"curies":[{"name":"wp","href":"https:\/\/api.w.org\/{rel}","templated":true}]}}