{"id":1864,"date":"2020-10-26T18:58:02","date_gmt":"2020-10-26T17:58:02","guid":{"rendered":"https:\/\/airtaxi-zermatt.ch\/?page_id=1864"},"modified":"2020-10-26T20:01:54","modified_gmt":"2020-10-26T19:01:54","slug":"speedflying-tandem-2","status":"publish","type":"page","link":"https:\/\/airtaxi-zermatt.ch\/?page_id=1864","title":{"rendered":"Vol pleine Lune"},"content":{"rendered":"<h3 style=\"text-align: center;\">Pour voler du Rothorn la Nuit,on se trouve au Bureau Air Taxi. On va prendre les R\u00e9montes special pour manger la Fondue\u00a0 au Restaurant Rothorn( R\u00e9servation obligatoire),ensuit on vas voler \u00e0 Zermatt<\/h3>\n<h3 style=\"text-align: center;\">Pour voler du Gornergrat,on prends le derni\u00e8re Train,alors on as pas besoin d`un Billet special.<\/h3>\n<h2 style=\"text-align: center;\">Rothorn\u00a0 \u00a0 \u00a0 \u00a0 \u00a0 \u00a0 \u00a0 \u00a0 Fr. 550.-<\/h2>\n<h4 style=\"text-align: center;\">( include Tiket &amp; Fondue )<\/h4>\n<p><a href=\"https:\/\/airtaxi-zermatt.ch\/?attachment_id=1636\" rel=\"attachment wp-att-1636\"><img loading=\"lazy\" decoding=\"async\" class=\"size-large wp-image-1636\" src=\"https:\/\/airtaxi-zermatt.ch\/wp-content\/uploads\/2018\/11\/GOPR0779-1024x768.jpg\" alt=\"\" width=\"604\" height=\"453\" srcset=\"https:\/\/airtaxi-zermatt.ch\/wp-content\/uploads\/2018\/11\/GOPR0779-1024x768.jpg 1024w, https:\/\/airtaxi-zermatt.ch\/wp-content\/uploads\/2018\/11\/GOPR0779-300x225.jpg 300w, https:\/\/airtaxi-zermatt.ch\/wp-content\/uploads\/2018\/11\/GOPR0779-768x576.jpg 768w\" sizes=\"auto, (max-width: 604px) 100vw, 604px\" \/><\/a><\/p>\n<p>&nbsp;<\/p>\n<p><a href=\"https:\/\/airtaxi-zermatt.ch\/?attachment_id=1882\" rel=\"attachment wp-att-1882\"><img loading=\"lazy\" decoding=\"async\" class=\"size-large wp-image-1882\" src=\"https:\/\/airtaxi-zermatt.ch\/wp-content\/uploads\/2020\/10\/G0012304-768x1024.jpg\" alt=\"\" width=\"604\" height=\"805\" srcset=\"https:\/\/airtaxi-zermatt.ch\/wp-content\/uploads\/2020\/10\/G0012304-768x1024.jpg 768w, https:\/\/airtaxi-zermatt.ch\/wp-content\/uploads\/2020\/10\/G0012304-225x300.jpg 225w, https:\/\/airtaxi-zermatt.ch\/wp-content\/uploads\/2020\/10\/G0012304-1152x1536.jpg 1152w, https:\/\/airtaxi-zermatt.ch\/wp-content\/uploads\/2020\/10\/G0012304-1536x2048.jpg 1536w, https:\/\/airtaxi-zermatt.ch\/wp-content\/uploads\/2020\/10\/G0012304-scaled.jpg 1920w\" sizes=\"auto, (max-width: 604px) 100vw, 604px\" \/><\/a><\/p>\n<p><figure id=\"attachment_1883\" aria-describedby=\"caption-attachment-1883\" style=\"width: 604px\" class=\"wp-caption aligncenter\"><a href=\"https:\/\/airtaxi-zermatt.ch\/?attachment_id=1883\" rel=\"attachment wp-att-1883\"><img loading=\"lazy\" decoding=\"async\" class=\"size-large wp-image-1883\" src=\"https:\/\/airtaxi-zermatt.ch\/wp-content\/uploads\/2020\/10\/G0031361-1024x768.jpg\" alt=\"\" width=\"604\" height=\"453\" srcset=\"https:\/\/airtaxi-zermatt.ch\/wp-content\/uploads\/2020\/10\/G0031361-1024x768.jpg 1024w, https:\/\/airtaxi-zermatt.ch\/wp-content\/uploads\/2020\/10\/G0031361-300x225.jpg 300w, https:\/\/airtaxi-zermatt.ch\/wp-content\/uploads\/2020\/10\/G0031361-768x576.jpg 768w, https:\/\/airtaxi-zermatt.ch\/wp-content\/uploads\/2020\/10\/G0031361-1536x1152.jpg 1536w, https:\/\/airtaxi-zermatt.ch\/wp-content\/uploads\/2020\/10\/G0031361-2048x1536.jpg 2048w\" sizes=\"auto, (max-width: 604px) 100vw, 604px\" \/><\/a><figcaption id=\"caption-attachment-1883\" class=\"wp-caption-text\">DCIM100GOPROG0031361.JPG<\/figcaption><\/figure><\/p>\n<h2 style=\"text-align: center;\">Gornergrat\u00a0 \u00a0 \u00a0 \u00a0 \u00a0 \u00a0 \u00a0 \u00a0 \u00a0 \u00a0 \u00a0 Fr. 400.-<\/h2>\n<p><a href=\"https:\/\/airtaxi-zermatt.ch\/?attachment_id=1835\" rel=\"attachment wp-att-1835\"><img loading=\"lazy\" decoding=\"async\" class=\"size-large wp-image-1835\" src=\"https:\/\/airtaxi-zermatt.ch\/wp-content\/uploads\/2020\/10\/G0016071-1024x768.jpg\" alt=\"\" width=\"604\" height=\"453\" srcset=\"https:\/\/airtaxi-zermatt.ch\/wp-content\/uploads\/2020\/10\/G0016071-1024x768.jpg 1024w, https:\/\/airtaxi-zermatt.ch\/wp-content\/uploads\/2020\/10\/G0016071-300x225.jpg 300w, https:\/\/airtaxi-zermatt.ch\/wp-content\/uploads\/2020\/10\/G0016071-768x576.jpg 768w, https:\/\/airtaxi-zermatt.ch\/wp-content\/uploads\/2020\/10\/G0016071-1536x1152.jpg 1536w, https:\/\/airtaxi-zermatt.ch\/wp-content\/uploads\/2020\/10\/G0016071-2048x1536.jpg 2048w\" sizes=\"auto, (max-width: 604px) 100vw, 604px\" \/><\/a><\/p>\n<p>&nbsp;<\/p>\n<p><a href=\"https:\/\/airtaxi-zermatt.ch\/?attachment_id=1836\" rel=\"attachment wp-att-1836\"><img loading=\"lazy\" decoding=\"async\" class=\"size-large wp-image-1836\" src=\"https:\/\/airtaxi-zermatt.ch\/wp-content\/uploads\/2020\/10\/G0026121-1024x768.jpg\" alt=\"\" width=\"604\" height=\"453\" srcset=\"https:\/\/airtaxi-zermatt.ch\/wp-content\/uploads\/2020\/10\/G0026121-1024x768.jpg 1024w, https:\/\/airtaxi-zermatt.ch\/wp-content\/uploads\/2020\/10\/G0026121-300x225.jpg 300w, https:\/\/airtaxi-zermatt.ch\/wp-content\/uploads\/2020\/10\/G0026121-768x576.jpg 768w, https:\/\/airtaxi-zermatt.ch\/wp-content\/uploads\/2020\/10\/G0026121-1536x1152.jpg 1536w, https:\/\/airtaxi-zermatt.ch\/wp-content\/uploads\/2020\/10\/G0026121-2048x1536.jpg 2048w\" sizes=\"auto, (max-width: 604px) 100vw, 604px\" \/><\/a><\/p>\n<p><a href=\"https:\/\/airtaxi-zermatt.ch\/?attachment_id=1886\" rel=\"attachment wp-att-1886\"><img loading=\"lazy\" decoding=\"async\" class=\"size-large wp-image-1886\" src=\"https:\/\/airtaxi-zermatt.ch\/wp-content\/uploads\/2020\/10\/G0031458-1024x768.jpg\" alt=\"\" width=\"604\" height=\"453\" srcset=\"https:\/\/airtaxi-zermatt.ch\/wp-content\/uploads\/2020\/10\/G0031458-1024x768.jpg 1024w, https:\/\/airtaxi-zermatt.ch\/wp-content\/uploads\/2020\/10\/G0031458-300x225.jpg 300w, https:\/\/airtaxi-zermatt.ch\/wp-content\/uploads\/2020\/10\/G0031458-768x576.jpg 768w, https:\/\/airtaxi-zermatt.ch\/wp-content\/uploads\/2020\/10\/G0031458-1536x1152.jpg 1536w, https:\/\/airtaxi-zermatt.ch\/wp-content\/uploads\/2020\/10\/G0031458-2048x1536.jpg 2048w\" sizes=\"auto, (max-width: 604px) 100vw, 604px\" \/><\/a><\/p>\n<p>&nbsp;<\/p>\n<p><a href=\"https:\/\/airtaxi-zermatt.ch\/?attachment_id=1887\" rel=\"attachment wp-att-1887\"><img loading=\"lazy\" decoding=\"async\" class=\"size-large wp-image-1887\" src=\"https:\/\/airtaxi-zermatt.ch\/wp-content\/uploads\/2020\/10\/G0031497-1024x768.jpg\" alt=\"\" width=\"604\" height=\"453\" srcset=\"https:\/\/airtaxi-zermatt.ch\/wp-content\/uploads\/2020\/10\/G0031497-1024x768.jpg 1024w, https:\/\/airtaxi-zermatt.ch\/wp-content\/uploads\/2020\/10\/G0031497-300x225.jpg 300w, https:\/\/airtaxi-zermatt.ch\/wp-content\/uploads\/2020\/10\/G0031497-768x576.jpg 768w, https:\/\/airtaxi-zermatt.ch\/wp-content\/uploads\/2020\/10\/G0031497-1536x1152.jpg 1536w, https:\/\/airtaxi-zermatt.ch\/wp-content\/uploads\/2020\/10\/G0031497-2048x1536.jpg 2048w\" sizes=\"auto, (max-width: 604px) 100vw, 604px\" \/><\/a><\/p>\n","protected":false},"excerpt":{"rendered":"<p>Pour voler du Rothorn la Nuit,on se trouve au Bureau Air Taxi. On va prendre les R\u00e9montes special pour manger la Fondue\u00a0 au Restaurant Rothorn( R\u00e9servation obligatoire),ensuit on vas voler \u00e0 Zermatt Pour voler du Gornergrat,on prends le derni\u00e8re Train,alors on as pas besoin d`un Billet special. Rothorn\u00a0 \u00a0 \u00a0 \u00a0 \u00a0 \u00a0 \u00a0 \u00a0 &hellip; <a href=\"https:\/\/airtaxi-zermatt.ch\/?page_id=1864\" class=\"more-link\">Continuer la lecture de <span class=\"screen-reader-text\">Vol pleine Lune<\/span> <span class=\"meta-nav\">&rarr;<\/span><\/a><\/p>\n","protected":false},"author":2,"featured_media":0,"parent":0,"menu_order":1,"comment_status":"closed","ping_status":"closed","template":"","meta":{"_acf_changed":false,"footnotes":""},"class_list":["post-1864","page","type-page","status-publish","hentry"],"acf":[],"_links":{"self":[{"href":"https:\/\/airtaxi-zermatt.ch\/index.php?rest_route=\/wp\/v2\/pages\/1864","targetHints":{"allow":["GET"]}}],"collection":[{"href":"https:\/\/airtaxi-zermatt.ch\/index.php?rest_route=\/wp\/v2\/pages"}],"about":[{"href":"https:\/\/airtaxi-zermatt.ch\/index.php?rest_route=\/wp\/v2\/types\/page"}],"author":[{"embeddable":true,"href":"https:\/\/airtaxi-zermatt.ch\/index.php?rest_route=\/wp\/v2\/users\/2"}],"replies":[{"embeddable":true,"href":"https:\/\/airtaxi-zermatt.ch\/index.php?rest_route=%2Fwp%2Fv2%2Fcomments&post=1864"}],"version-history":[{"count":0,"href":"https:\/\/airtaxi-zermatt.ch\/index.php?rest_route=\/wp\/v2\/pages\/1864\/revisions"}],"wp:attachment":[{"href":"https:\/\/airtaxi-zermatt.ch\/index.php?rest_route=%2Fwp%2Fv2%2Fmedia&parent=1864"}],"curies":[{"name":"wp","href":"https:\/\/api.w.org\/{rel}","templated":true}]}}